{"id":567,"date":"2025-09-03T20:38:06","date_gmt":"2025-09-03T18:38:06","guid":{"rendered":"https:\/\/mv-rammersweier.de\/?page_id=567"},"modified":"2025-09-03T20:38:07","modified_gmt":"2025-09-03T18:38:07","slug":"notenpatenschaft","status":"publish","type":"page","link":"https:\/\/mv-rammersweier.de\/?page_id=567","title":{"rendered":"Notenpatenschaft"},"content":{"rendered":"\n<p>Sie spielen kein Instrument, m\u00f6chten uns aber trotzdem bei der musikalischen Arbeit unterst\u00fctzen? Unsere Notenpatenschaft l\u00e4sst diesen Wunsch in Erf\u00fcllung gehen! F\u00fcr unsere Konzerte stellen wir immer wieder ein neues Repertoire an St\u00fccken zusammen. Noten sind allerdings teuer in der Anschaffung. Helfen Sie uns und werden Sie einer unserer Notenpaten!<\/p>\n\n\n\n<p>Und so funktioniert\u2019s:<br>Sie finanzieren oder bezuschussen den Kauf eines Musikst\u00fcckes, welches dann in unseren Konzerten aufgef\u00fchrt wird und unterst\u00fctzen damit den Erhalt und die Pflege der Blasmusik. Ihre Notenpatenschaft wird, sofern dies von Ihnen gew\u00fcnscht ist, im Konzertprogramm genannt. Gerne stellen wir auch eine Spendenquittung aus.<\/p>\n\n\n\n<p>Interesse geweckt oder doch noch Fragen?Dann senden Sie uns Ihren Wunsch oder Ihre Fragen an info@mv-rammersweier.de oder sprechen Sie ein Vorstandsmitglied direkt an. Wir kl\u00e4ren mit Ihnen unsere Neuanschaffungen im Bereich Noten und finden mit Ihnen gemeinsam das passende St\u00fcck, f\u00fcr welches Sie ganz oder teilweise Pate werden.<\/p>\n","protected":false},"excerpt":{"rendered":"<p>Sie spielen kein Instrument, m\u00f6chten uns aber trotzdem bei der musikalischen Arbeit unterst\u00fctzen? Unsere Notenpatenschaft l\u00e4sst diesen Wunsch in Erf\u00fcllung gehen! F\u00fcr unsere Konzerte stellen wir immer wieder ein neues Repertoire an St\u00fccken zusammen. Noten sind allerdings teuer in der Anschaffung. Helfen Sie uns und werden Sie einer unserer Notenpaten! Und so funktioniert\u2019s:Sie finanzieren oder [&hellip;]<\/p>\n","protected":false},"author":1,"featured_media":0,"parent":0,"menu_order":0,"comment_status":"closed","ping_status":"closed","template":"","meta":[],"yoast_head":"<!-- This site is optimized with the Yoast SEO plugin v20.12 - https:\/\/yoast.com\/wordpress\/plugins\/seo\/ -->\n<title>Notenpatenschaft - Musikverein Rammersweier e.V.<\/title>\n<meta name=\"robots\" content=\"index, follow, max-snippet:-1, max-image-preview:large, max-video-preview:-1\" \/>\n<link rel=\"canonical\" href=\"https:\/\/mv-rammersweier.de\/?page_id=567\" \/>\n<meta property=\"og:locale\" content=\"de_DE\" \/>\n<meta property=\"og:type\" content=\"article\" \/>\n<meta property=\"og:title\" content=\"Notenpatenschaft - Musikverein Rammersweier e.V.\" \/>\n<meta property=\"og:description\" content=\"Sie spielen kein Instrument, m\u00f6chten uns aber trotzdem bei der musikalischen Arbeit unterst\u00fctzen? Unsere Notenpatenschaft l\u00e4sst diesen Wunsch in Erf\u00fcllung gehen! F\u00fcr unsere Konzerte stellen wir immer wieder ein neues Repertoire an St\u00fccken zusammen. Noten sind allerdings teuer in der Anschaffung. Helfen Sie uns und werden Sie einer unserer Notenpaten! Und so funktioniert\u2019s:Sie finanzieren oder [&hellip;]\" \/>\n<meta property=\"og:url\" content=\"https:\/\/mv-rammersweier.de\/?page_id=567\" \/>\n<meta property=\"og:site_name\" content=\"Musikverein Rammersweier e.V.\" \/>\n<meta property=\"article:modified_time\" content=\"2025-09-03T18:38:07+00:00\" \/>\n<meta name=\"twitter:card\" content=\"summary_large_image\" \/>\n<meta name=\"twitter:label1\" content=\"Gesch\u00e4tzte Lesezeit\" \/>\n\t<meta name=\"twitter:data1\" content=\"1\u00a0Minute\" \/>\n<script type=\"application\/ld+json\" class=\"yoast-schema-graph\">{\"@context\":\"https:\/\/schema.org\",\"@graph\":[{\"@type\":\"WebPage\",\"@id\":\"https:\/\/mv-rammersweier.de\/?page_id=567\",\"url\":\"https:\/\/mv-rammersweier.de\/?page_id=567\",\"name\":\"Notenpatenschaft - Musikverein Rammersweier e.V.\",\"isPartOf\":{\"@id\":\"https:\/\/mv-rammersweier.de\/#website\"},\"datePublished\":\"2025-09-03T18:38:06+00:00\",\"dateModified\":\"2025-09-03T18:38:07+00:00\",\"breadcrumb\":{\"@id\":\"https:\/\/mv-rammersweier.de\/?page_id=567#breadcrumb\"},\"inLanguage\":\"de\",\"potentialAction\":[{\"@type\":\"ReadAction\",\"target\":[\"https:\/\/mv-rammersweier.de\/?page_id=567\"]}]},{\"@type\":\"BreadcrumbList\",\"@id\":\"https:\/\/mv-rammersweier.de\/?page_id=567#breadcrumb\",\"itemListElement\":[{\"@type\":\"ListItem\",\"position\":1,\"name\":\"Startseite\",\"item\":\"https:\/\/mv-rammersweier.de\/\"},{\"@type\":\"ListItem\",\"position\":2,\"name\":\"Notenpatenschaft\"}]},{\"@type\":\"WebSite\",\"@id\":\"https:\/\/mv-rammersweier.de\/#website\",\"url\":\"https:\/\/mv-rammersweier.de\/\",\"name\":\"Musikverein Rammersweier e.V.\",\"description\":\"\",\"publisher\":{\"@id\":\"https:\/\/mv-rammersweier.de\/#organization\"},\"potentialAction\":[{\"@type\":\"SearchAction\",\"target\":{\"@type\":\"EntryPoint\",\"urlTemplate\":\"https:\/\/mv-rammersweier.de\/?s={search_term_string}\"},\"query-input\":\"required name=search_term_string\"}],\"inLanguage\":\"de\"},{\"@type\":\"Organization\",\"@id\":\"https:\/\/mv-rammersweier.de\/#organization\",\"name\":\"Musikverein Rammersweier e.V.\",\"url\":\"https:\/\/mv-rammersweier.de\/\",\"logo\":{\"@type\":\"ImageObject\",\"inLanguage\":\"de\",\"@id\":\"https:\/\/mv-rammersweier.de\/#\/schema\/logo\/image\/\",\"url\":\"https:\/\/mv-rammersweier.de\/wp-content\/uploads\/2023\/04\/Logo_pos_RGB-e1680610441244.jpg\",\"contentUrl\":\"https:\/\/mv-rammersweier.de\/wp-content\/uploads\/2023\/04\/Logo_pos_RGB-e1680610441244.jpg\",\"width\":594,\"height\":410,\"caption\":\"Musikverein Rammersweier e.V.\"},\"image\":{\"@id\":\"https:\/\/mv-rammersweier.de\/#\/schema\/logo\/image\/\"}}]}<\/script>\n<!-- \/ Yoast SEO plugin. -->","yoast_head_json":{"title":"Notenpatenschaft - Musikverein Rammersweier e.V.","robots":{"index":"index","follow":"follow","max-snippet":"max-snippet:-1","max-image-preview":"max-image-preview:large","max-video-preview":"max-video-preview:-1"},"canonical":"https:\/\/mv-rammersweier.de\/?page_id=567","og_locale":"de_DE","og_type":"article","og_title":"Notenpatenschaft - Musikverein Rammersweier e.V.","og_description":"Sie spielen kein Instrument, m\u00f6chten uns aber trotzdem bei der musikalischen Arbeit unterst\u00fctzen? Unsere Notenpatenschaft l\u00e4sst diesen Wunsch in Erf\u00fcllung gehen! F\u00fcr unsere Konzerte stellen wir immer wieder ein neues Repertoire an St\u00fccken zusammen. Noten sind allerdings teuer in der Anschaffung. Helfen Sie uns und werden Sie einer unserer Notenpaten! Und so funktioniert\u2019s:Sie finanzieren oder [&hellip;]","og_url":"https:\/\/mv-rammersweier.de\/?page_id=567","og_site_name":"Musikverein Rammersweier e.V.","article_modified_time":"2025-09-03T18:38:07+00:00","twitter_card":"summary_large_image","twitter_misc":{"Gesch\u00e4tzte Lesezeit":"1\u00a0Minute"},"schema":{"@context":"https:\/\/schema.org","@graph":[{"@type":"WebPage","@id":"https:\/\/mv-rammersweier.de\/?page_id=567","url":"https:\/\/mv-rammersweier.de\/?page_id=567","name":"Notenpatenschaft - Musikverein Rammersweier e.V.","isPartOf":{"@id":"https:\/\/mv-rammersweier.de\/#website"},"datePublished":"2025-09-03T18:38:06+00:00","dateModified":"2025-09-03T18:38:07+00:00","breadcrumb":{"@id":"https:\/\/mv-rammersweier.de\/?page_id=567#breadcrumb"},"inLanguage":"de","potentialAction":[{"@type":"ReadAction","target":["https:\/\/mv-rammersweier.de\/?page_id=567"]}]},{"@type":"BreadcrumbList","@id":"https:\/\/mv-rammersweier.de\/?page_id=567#breadcrumb","itemListElement":[{"@type":"ListItem","position":1,"name":"Startseite","item":"https:\/\/mv-rammersweier.de\/"},{"@type":"ListItem","position":2,"name":"Notenpatenschaft"}]},{"@type":"WebSite","@id":"https:\/\/mv-rammersweier.de\/#website","url":"https:\/\/mv-rammersweier.de\/","name":"Musikverein Rammersweier e.V.","description":"","publisher":{"@id":"https:\/\/mv-rammersweier.de\/#organization"},"potentialAction":[{"@type":"SearchAction","target":{"@type":"EntryPoint","urlTemplate":"https:\/\/mv-rammersweier.de\/?s={search_term_string}"},"query-input":"required name=search_term_string"}],"inLanguage":"de"},{"@type":"Organization","@id":"https:\/\/mv-rammersweier.de\/#organization","name":"Musikverein Rammersweier e.V.","url":"https:\/\/mv-rammersweier.de\/","logo":{"@type":"ImageObject","inLanguage":"de","@id":"https:\/\/mv-rammersweier.de\/#\/schema\/logo\/image\/","url":"https:\/\/mv-rammersweier.de\/wp-content\/uploads\/2023\/04\/Logo_pos_RGB-e1680610441244.jpg","contentUrl":"https:\/\/mv-rammersweier.de\/wp-content\/uploads\/2023\/04\/Logo_pos_RGB-e1680610441244.jpg","width":594,"height":410,"caption":"Musikverein Rammersweier e.V."},"image":{"@id":"https:\/\/mv-rammersweier.de\/#\/schema\/logo\/image\/"}}]}},"_links":{"self":[{"href":"https:\/\/mv-rammersweier.de\/index.php?rest_route=\/wp\/v2\/pages\/567"}],"collection":[{"href":"https:\/\/mv-rammersweier.de\/index.php?rest_route=\/wp\/v2\/pages"}],"about":[{"href":"https:\/\/mv-rammersweier.de\/index.php?rest_route=\/wp\/v2\/types\/page"}],"author":[{"embeddable":true,"href":"https:\/\/mv-rammersweier.de\/index.php?rest_route=\/wp\/v2\/users\/1"}],"replies":[{"embeddable":true,"href":"https:\/\/mv-rammersweier.de\/index.php?rest_route=%2Fwp%2Fv2%2Fcomments&post=567"}],"version-history":[{"count":1,"href":"https:\/\/mv-rammersweier.de\/index.php?rest_route=\/wp\/v2\/pages\/567\/revisions"}],"predecessor-version":[{"id":568,"href":"https:\/\/mv-rammersweier.de\/index.php?rest_route=\/wp\/v2\/pages\/567\/revisions\/568"}],"wp:attachment":[{"href":"https:\/\/mv-rammersweier.de\/index.php?rest_route=%2Fwp%2Fv2%2Fmedia&parent=567"}],"curies":[{"name":"wp","href":"https:\/\/api.w.org\/{rel}","templated":true}]}}