{"id":34,"date":"2022-03-10T20:32:17","date_gmt":"2022-03-10T19:32:17","guid":{"rendered":"http:\/\/mv-rammersweier.de\/wordpress\/?page_id=34"},"modified":"2025-05-31T11:38:49","modified_gmt":"2025-05-31T09:38:49","slug":"ausbildung","status":"publish","type":"page","link":"https:\/\/mv-rammersweier.de\/?page_id=34","title":{"rendered":"Ausbildung"},"content":{"rendered":"\n<p>Wir bieten jungen Menschen eine gute und best\u00e4ndige Ausbildung auf dem<br>gew\u00fcnschten Instrument, entweder im Unterricht durch unsere erfahrenen&nbsp;<br>Musiker oder in enger Zusammenarbeit mit der Musikschule Offenburg.<\/p>\n\n\n\n<p>Jedes Jahr laden wir zu einem Schnupperabend f\u00fcr interessierte Kinder und Jugendliche ein.<br>Nat\u00fcrlich k\u00f6nnen hierbei auch die Eltern alles Wissenswerte \u00fcber den Ablauf der Ausbildung,<br>die Kosten und das Wichtigste \u00fcber die einzelnen Instrumente erfahren.&nbsp;Hierzu stehen Dirigent,<br>Jugendleitung, Ausbilder und aktive&nbsp;Musiker der verschiedenen Instrumente Rede und Antwort.<\/p>\n\n\n\n<p>Besuchen Sie uns gerne, wir freuen uns auf Sie.<\/p>\n\n\n\n<p><br><strong>Die musikalische Fr\u00fcherziehung\/ Blockfl\u00f6tenunterricht<\/strong><\/p>\n\n\n\n<p>Die Blockfl\u00f6te ist der ideale Einstieg in die Welt des Musizierens. Der Grund hierf\u00fcr ist ganz einfach, denn bei der Blockfl\u00f6te l\u00e4sst sich die Blas\u2013 und Grifftechnik relativ geschwind erlernen. Somit haben schon kleine Kinder recht schnell Erfolgserlebnisse, was die Kinder motiviert weiterzumachen. Genau darauf kommt es an, wenn Kinder ein Musikinstrument in fr\u00fchen Jahren lernen. Der Einstieg in die Welt des Musizierens soll Spa\u00df machen und bald kleine Erfolge bringen. Sobald es gelingt einfache Lieder zu spielen, selbst ohne Noten, bekommen Kinder Lust auf Mehr. Unser Kursangebot richtet sich an Kinder ab der 2. Klasse. Der Unterricht findet freitags von 16.30 bis 17.15 Uhr im Probelokal (altes Feuerwehrhaus) statt und wird von einer langj\u00e4hrigen aktiven Musikerin des Musikvereins geleitet. Eine Gruppe umfasst ca. 3-5 Kinder. Bei Interesse melden Sie sich gerne unter info@mv-rammersweier.de<\/p>\n\n\n\n<p> <br><strong>Das Vororchester<\/strong><\/p>\n\n\n\n<p>Das Vororchester ist das erste Ensemble neben der instrumentellen Basisausbildung, in dem Kinder und Jugendliche die M\u00f6glichkeit haben gemeinsam mit anderen zu musizieren. In diesem kleinen sowie j\u00fcngsten Orchester treffen sich die Sch\u00fcler und proben erste St\u00fccke, spielen zusammen, haben Auftritte und Spa\u00df an dem Erreichten. Auch gemeinsame Ausfl\u00fcge geh\u00f6ren zum Programm. Durch die ersten Erfahrungen im Zusammenspiel lernen sie, sich in das Orchestergef\u00fcge einzuordnen. Deshalb legen wir sehr viel Wert darauf, dass die Kinder\/ Jugendlichen m\u00f6glichst fr\u00fch in das Orchester kommen. F\u00fcr die weitere Entwicklung von Orchestermusikerinnen und -musikern liegt hier der Grundstein zum erfolgreichen Musizieren. Im Vororchester lernen sie gemeinsam im selben Rhythmus und Tempo zu spielen sowie sich tonlich passend in den Gesamtklang einzubringen. Spa\u00df am Musizieren und kontinuierliche Probenarbeit sollen dabei immer im Vordergrund stehen. Es ist auch als \u00dcbergangsorchester aus den zuk\u00fcnftigen Bl\u00e4serklassen vorgesehen. Nach dem Vororchester ist der \u00dcbergang in das Jugendorchester m\u00f6glich und w\u00fcnschenswert.<\/p>\n\n\n\n<p>Die Proben finden w\u00f6chentlich am Donnerstag von 18.30 bis 19.00 Uhr in unserem Probenraum im alten Feuerwehrhaus statt, in den Ferien ist frei. Wir freuen uns immer \u00fcber Verst\u00e4rkung, ein Einstieg ist jederzeit m\u00f6glich.<\/p>\n\n\n\n<p>&nbsp;<br><strong>Die Jugendkapelle<\/strong><\/p>\n\n\n\n<p>F\u00fcr junge Musikbegeisterte bieten wir mit der Jugendkapelle nicht nur einen Einstieg in das Vereinsleben. Vielmehr geht es darum, das im Unterricht Gelernte in einer lockeren Atmosph\u00e4re mit vorwiegend modernen und bekannten St\u00fccken umzusetzen.&nbsp;Hierf\u00fcr treffen sich unsere Jungmusiker jeden Donnerstag von 19:00 bis 19:30 Uhr.&nbsp;<br>Bei verschiedenen Auftritten haben die Musiker die M\u00f6glichkeit, ihr K\u00f6nnnen&nbsp;vor gro\u00dfem Publikum zum Besten zu geben.<\/p>\n\n\n\n<p><br><strong>Die Freizeit<\/strong><\/p>\n\n\n\n<p>Nicht zu vergessen sind die Freizeitaktivit\u00e4ten. Neben kleinen Wanderungen, Ausfl\u00fcgen in den Kletterpark oder ins Schwimmbad ist das j\u00e4hrliche H\u00fcttenwochenende das Highlight.<\/p>\n\n\n\n<p>Die Jugendkapelle freut sich \u00fcber frischen Wind in ihren Reihen. Wer Lust hat ist herzlich eingeladen die Proben&nbsp; zu besuchen, mitzuspielen und mehr \u00fcber uns und unseren Verein zu erfahren.&nbsp;<\/p>\n\n\n\n<p><br>Bei Fragen wenden Sie sich gerne an unsere Jugendleiter Hannah Sommer und Jannis Hurst.<br>Mail:\u00a0<a href=\"mailto:info@mv-rammersweier.de\">info@mv-rammersweier.de<\/a>\u00a0<\/p>\n","protected":false},"excerpt":{"rendered":"<p>Wir bieten jungen Menschen eine gute und best\u00e4ndige Ausbildung auf demgew\u00fcnschten Instrument, entweder im Unterricht durch unsere erfahrenen&nbsp;Musiker oder in enger Zusammenarbeit mit der Musikschule Offenburg. Jedes Jahr laden wir zu einem Schnupperabend f\u00fcr interessierte Kinder und Jugendliche ein.Nat\u00fcrlich k\u00f6nnen hierbei auch die Eltern alles Wissenswerte \u00fcber den Ablauf der Ausbildung,die Kosten und das Wichtigste [&hellip;]<\/p>\n","protected":false},"author":1,"featured_media":0,"parent":0,"menu_order":0,"comment_status":"closed","ping_status":"closed","template":"","meta":[],"yoast_head":"<!-- This site is optimized with the Yoast SEO plugin v20.12 - https:\/\/yoast.com\/wordpress\/plugins\/seo\/ -->\n<title>Ausbildung - Musikverein Rammersweier e.V.<\/title>\n<meta name=\"robots\" content=\"index, follow, max-snippet:-1, max-image-preview:large, max-video-preview:-1\" \/>\n<link rel=\"canonical\" href=\"https:\/\/mv-rammersweier.de\/?page_id=34\" \/>\n<meta property=\"og:locale\" content=\"de_DE\" \/>\n<meta property=\"og:type\" content=\"article\" \/>\n<meta property=\"og:title\" content=\"Ausbildung - Musikverein Rammersweier e.V.\" \/>\n<meta property=\"og:description\" content=\"Wir bieten jungen Menschen eine gute und best\u00e4ndige Ausbildung auf demgew\u00fcnschten Instrument, entweder im Unterricht durch unsere erfahrenen&nbsp;Musiker oder in enger Zusammenarbeit mit der Musikschule Offenburg. Jedes Jahr laden wir zu einem Schnupperabend f\u00fcr interessierte Kinder und Jugendliche ein.Nat\u00fcrlich k\u00f6nnen hierbei auch die Eltern alles Wissenswerte \u00fcber den Ablauf der Ausbildung,die Kosten und das Wichtigste [&hellip;]\" \/>\n<meta property=\"og:url\" content=\"https:\/\/mv-rammersweier.de\/?page_id=34\" \/>\n<meta property=\"og:site_name\" content=\"Musikverein Rammersweier e.V.\" \/>\n<meta property=\"article:modified_time\" content=\"2025-05-31T09:38:49+00:00\" \/>\n<meta name=\"twitter:card\" content=\"summary_large_image\" \/>\n<meta name=\"twitter:label1\" content=\"Gesch\u00e4tzte Lesezeit\" \/>\n\t<meta name=\"twitter:data1\" content=\"4\u00a0Minuten\" \/>\n<script type=\"application\/ld+json\" class=\"yoast-schema-graph\">{\"@context\":\"https:\/\/schema.org\",\"@graph\":[{\"@type\":\"WebPage\",\"@id\":\"https:\/\/mv-rammersweier.de\/?page_id=34\",\"url\":\"https:\/\/mv-rammersweier.de\/?page_id=34\",\"name\":\"Ausbildung - Musikverein Rammersweier e.V.\",\"isPartOf\":{\"@id\":\"https:\/\/mv-rammersweier.de\/#website\"},\"datePublished\":\"2022-03-10T19:32:17+00:00\",\"dateModified\":\"2025-05-31T09:38:49+00:00\",\"breadcrumb\":{\"@id\":\"https:\/\/mv-rammersweier.de\/?page_id=34#breadcrumb\"},\"inLanguage\":\"de\",\"potentialAction\":[{\"@type\":\"ReadAction\",\"target\":[\"https:\/\/mv-rammersweier.de\/?page_id=34\"]}]},{\"@type\":\"BreadcrumbList\",\"@id\":\"https:\/\/mv-rammersweier.de\/?page_id=34#breadcrumb\",\"itemListElement\":[{\"@type\":\"ListItem\",\"position\":1,\"name\":\"Startseite\",\"item\":\"https:\/\/mv-rammersweier.de\/\"},{\"@type\":\"ListItem\",\"position\":2,\"name\":\"Ausbildung\"}]},{\"@type\":\"WebSite\",\"@id\":\"https:\/\/mv-rammersweier.de\/#website\",\"url\":\"https:\/\/mv-rammersweier.de\/\",\"name\":\"Musikverein Rammersweier e.V.\",\"description\":\"\",\"publisher\":{\"@id\":\"https:\/\/mv-rammersweier.de\/#organization\"},\"potentialAction\":[{\"@type\":\"SearchAction\",\"target\":{\"@type\":\"EntryPoint\",\"urlTemplate\":\"https:\/\/mv-rammersweier.de\/?s={search_term_string}\"},\"query-input\":\"required name=search_term_string\"}],\"inLanguage\":\"de\"},{\"@type\":\"Organization\",\"@id\":\"https:\/\/mv-rammersweier.de\/#organization\",\"name\":\"Musikverein Rammersweier e.V.\",\"url\":\"https:\/\/mv-rammersweier.de\/\",\"logo\":{\"@type\":\"ImageObject\",\"inLanguage\":\"de\",\"@id\":\"https:\/\/mv-rammersweier.de\/#\/schema\/logo\/image\/\",\"url\":\"https:\/\/mv-rammersweier.de\/wp-content\/uploads\/2023\/04\/Logo_pos_RGB-e1680610441244.jpg\",\"contentUrl\":\"https:\/\/mv-rammersweier.de\/wp-content\/uploads\/2023\/04\/Logo_pos_RGB-e1680610441244.jpg\",\"width\":594,\"height\":410,\"caption\":\"Musikverein Rammersweier e.V.\"},\"image\":{\"@id\":\"https:\/\/mv-rammersweier.de\/#\/schema\/logo\/image\/\"}}]}<\/script>\n<!-- \/ Yoast SEO plugin. -->","yoast_head_json":{"title":"Ausbildung - Musikverein Rammersweier e.V.","robots":{"index":"index","follow":"follow","max-snippet":"max-snippet:-1","max-image-preview":"max-image-preview:large","max-video-preview":"max-video-preview:-1"},"canonical":"https:\/\/mv-rammersweier.de\/?page_id=34","og_locale":"de_DE","og_type":"article","og_title":"Ausbildung - Musikverein Rammersweier e.V.","og_description":"Wir bieten jungen Menschen eine gute und best\u00e4ndige Ausbildung auf demgew\u00fcnschten Instrument, entweder im Unterricht durch unsere erfahrenen&nbsp;Musiker oder in enger Zusammenarbeit mit der Musikschule Offenburg. Jedes Jahr laden wir zu einem Schnupperabend f\u00fcr interessierte Kinder und Jugendliche ein.Nat\u00fcrlich k\u00f6nnen hierbei auch die Eltern alles Wissenswerte \u00fcber den Ablauf der Ausbildung,die Kosten und das Wichtigste [&hellip;]","og_url":"https:\/\/mv-rammersweier.de\/?page_id=34","og_site_name":"Musikverein Rammersweier e.V.","article_modified_time":"2025-05-31T09:38:49+00:00","twitter_card":"summary_large_image","twitter_misc":{"Gesch\u00e4tzte Lesezeit":"4\u00a0Minuten"},"schema":{"@context":"https:\/\/schema.org","@graph":[{"@type":"WebPage","@id":"https:\/\/mv-rammersweier.de\/?page_id=34","url":"https:\/\/mv-rammersweier.de\/?page_id=34","name":"Ausbildung - Musikverein Rammersweier e.V.","isPartOf":{"@id":"https:\/\/mv-rammersweier.de\/#website"},"datePublished":"2022-03-10T19:32:17+00:00","dateModified":"2025-05-31T09:38:49+00:00","breadcrumb":{"@id":"https:\/\/mv-rammersweier.de\/?page_id=34#breadcrumb"},"inLanguage":"de","potentialAction":[{"@type":"ReadAction","target":["https:\/\/mv-rammersweier.de\/?page_id=34"]}]},{"@type":"BreadcrumbList","@id":"https:\/\/mv-rammersweier.de\/?page_id=34#breadcrumb","itemListElement":[{"@type":"ListItem","position":1,"name":"Startseite","item":"https:\/\/mv-rammersweier.de\/"},{"@type":"ListItem","position":2,"name":"Ausbildung"}]},{"@type":"WebSite","@id":"https:\/\/mv-rammersweier.de\/#website","url":"https:\/\/mv-rammersweier.de\/","name":"Musikverein Rammersweier e.V.","description":"","publisher":{"@id":"https:\/\/mv-rammersweier.de\/#organization"},"potentialAction":[{"@type":"SearchAction","target":{"@type":"EntryPoint","urlTemplate":"https:\/\/mv-rammersweier.de\/?s={search_term_string}"},"query-input":"required name=search_term_string"}],"inLanguage":"de"},{"@type":"Organization","@id":"https:\/\/mv-rammersweier.de\/#organization","name":"Musikverein Rammersweier e.V.","url":"https:\/\/mv-rammersweier.de\/","logo":{"@type":"ImageObject","inLanguage":"de","@id":"https:\/\/mv-rammersweier.de\/#\/schema\/logo\/image\/","url":"https:\/\/mv-rammersweier.de\/wp-content\/uploads\/2023\/04\/Logo_pos_RGB-e1680610441244.jpg","contentUrl":"https:\/\/mv-rammersweier.de\/wp-content\/uploads\/2023\/04\/Logo_pos_RGB-e1680610441244.jpg","width":594,"height":410,"caption":"Musikverein Rammersweier e.V."},"image":{"@id":"https:\/\/mv-rammersweier.de\/#\/schema\/logo\/image\/"}}]}},"_links":{"self":[{"href":"https:\/\/mv-rammersweier.de\/index.php?rest_route=\/wp\/v2\/pages\/34"}],"collection":[{"href":"https:\/\/mv-rammersweier.de\/index.php?rest_route=\/wp\/v2\/pages"}],"about":[{"href":"https:\/\/mv-rammersweier.de\/index.php?rest_route=\/wp\/v2\/types\/page"}],"author":[{"embeddable":true,"href":"https:\/\/mv-rammersweier.de\/index.php?rest_route=\/wp\/v2\/users\/1"}],"replies":[{"embeddable":true,"href":"https:\/\/mv-rammersweier.de\/index.php?rest_route=%2Fwp%2Fv2%2Fcomments&post=34"}],"version-history":[{"count":11,"href":"https:\/\/mv-rammersweier.de\/index.php?rest_route=\/wp\/v2\/pages\/34\/revisions"}],"predecessor-version":[{"id":555,"href":"https:\/\/mv-rammersweier.de\/index.php?rest_route=\/wp\/v2\/pages\/34\/revisions\/555"}],"wp:attachment":[{"href":"https:\/\/mv-rammersweier.de\/index.php?rest_route=%2Fwp%2Fv2%2Fmedia&parent=34"}],"curies":[{"name":"wp","href":"https:\/\/api.w.org\/{rel}","templated":true}]}}