{"id":31,"date":"2022-03-10T20:24:50","date_gmt":"2022-03-10T19:24:50","guid":{"rendered":"http:\/\/mv-rammersweier.de\/wordpress\/?page_id=31"},"modified":"2022-06-03T20:59:30","modified_gmt":"2022-06-03T18:59:30","slug":"die-musik","status":"publish","type":"page","link":"https:\/\/mv-rammersweier.de\/?page_id=31","title":{"rendered":"Die Musik"},"content":{"rendered":"\n<p>Von der klassischen Blasmusik bis hin zu modernen Rock-<br \/>und Pophymnen ist alles in unserer Notenmappe zu finden.<br \/>Zum Jahresprogramm, das wir auf zahlreichen Konzerten<br \/>\u00fcber das musikalische Jahr hinweg pr\u00e4sentieren, gesellen sich<br \/>noch die anspruchsvollen Musikst\u00fccke f\u00fcr unser Jahreskonzert,<br \/>welches immer im Dezember stattfindet.<\/p>\n\n\n\n<p><br \/><strong>Hier eine Auswahl unseres musikalischen Repertoires:<\/strong><\/p>\n\n\n\n<p><br \/><strong>Polka<\/strong><br \/>Auf der Vogelwiese, B\u00f6hmischer Traum, Ein halbes Jahrhundert, So sch\u00f6n ist Blasmusik,<br \/>Musik im Blut, Wir Musikanten, Rosamunde, Von Freund zu Freund<\/p>\n\n\n\n<p><br \/><strong>Walzer<\/strong><br \/>Alles Walzer, L\u00e4ndler Show, Liebe auf den ersten Ton<\/p>\n\n\n\n<p><br \/><strong>Marsch<\/strong><br \/>Geburtstagsmarsch, Hoch Badnerland, <br \/>Kaiserin Sissi, Saleminia<\/p>\n\n\n\n<p><br><strong>Modern<\/strong><br>Shape of you, Volare, Bon Jovi Rock Mix, The Rockin&#8216; Beatles, Jezz it Up, La isla bonita, Tom Jones on Stage, Don&#8217;t stop me now, Tage wie diese, Copacabana<\/p>\n\n\n\n<p><br><strong>Stimmung<\/strong><br>Classic Mix, Schunkelrunde, Stimmung ist Trumpf Nr2, Schwarzwald Marie, Sousa Favoriten<\/p>\n","protected":false},"excerpt":{"rendered":"<p>Von der klassischen Blasmusik bis hin zu modernen Rock-und Pophymnen ist alles in unserer Notenmappe zu finden.Zum Jahresprogramm, das wir auf zahlreichen Konzerten\u00fcber das musikalische Jahr hinweg pr\u00e4sentieren, gesellen sichnoch die anspruchsvollen Musikst\u00fccke f\u00fcr unser Jahreskonzert,welches immer im Dezember stattfindet. Hier eine Auswahl unseres musikalischen Repertoires: PolkaAuf der Vogelwiese, B\u00f6hmischer Traum, Ein halbes Jahrhundert, So [&hellip;]<\/p>\n","protected":false},"author":1,"featured_media":0,"parent":0,"menu_order":0,"comment_status":"closed","ping_status":"closed","template":"","meta":[],"yoast_head":"<!-- This site is optimized with the Yoast SEO plugin v20.12 - https:\/\/yoast.com\/wordpress\/plugins\/seo\/ -->\n<title>Die Musik - Musikverein Rammersweier e.V.<\/title>\n<meta name=\"robots\" content=\"index, follow, max-snippet:-1, max-image-preview:large, max-video-preview:-1\" \/>\n<link rel=\"canonical\" href=\"https:\/\/mv-rammersweier.de\/?page_id=31\" \/>\n<meta property=\"og:locale\" content=\"de_DE\" \/>\n<meta property=\"og:type\" content=\"article\" \/>\n<meta property=\"og:title\" content=\"Die Musik - Musikverein Rammersweier e.V.\" \/>\n<meta property=\"og:description\" content=\"Von der klassischen Blasmusik bis hin zu modernen Rock-und Pophymnen ist alles in unserer Notenmappe zu finden.Zum Jahresprogramm, das wir auf zahlreichen Konzerten\u00fcber das musikalische Jahr hinweg pr\u00e4sentieren, gesellen sichnoch die anspruchsvollen Musikst\u00fccke f\u00fcr unser Jahreskonzert,welches immer im Dezember stattfindet. Hier eine Auswahl unseres musikalischen Repertoires: PolkaAuf der Vogelwiese, B\u00f6hmischer Traum, Ein halbes Jahrhundert, So [&hellip;]\" \/>\n<meta property=\"og:url\" content=\"https:\/\/mv-rammersweier.de\/?page_id=31\" \/>\n<meta property=\"og:site_name\" content=\"Musikverein Rammersweier e.V.\" \/>\n<meta property=\"article:modified_time\" content=\"2022-06-03T18:59:30+00:00\" \/>\n<meta name=\"twitter:card\" content=\"summary_large_image\" \/>\n<meta name=\"twitter:label1\" content=\"Gesch\u00e4tzte Lesezeit\" \/>\n\t<meta name=\"twitter:data1\" content=\"1\u00a0Minute\" \/>\n<script type=\"application\/ld+json\" class=\"yoast-schema-graph\">{\"@context\":\"https:\/\/schema.org\",\"@graph\":[{\"@type\":\"WebPage\",\"@id\":\"https:\/\/mv-rammersweier.de\/?page_id=31\",\"url\":\"https:\/\/mv-rammersweier.de\/?page_id=31\",\"name\":\"Die Musik - Musikverein Rammersweier e.V.\",\"isPartOf\":{\"@id\":\"https:\/\/mv-rammersweier.de\/#website\"},\"datePublished\":\"2022-03-10T19:24:50+00:00\",\"dateModified\":\"2022-06-03T18:59:30+00:00\",\"breadcrumb\":{\"@id\":\"https:\/\/mv-rammersweier.de\/?page_id=31#breadcrumb\"},\"inLanguage\":\"de\",\"potentialAction\":[{\"@type\":\"ReadAction\",\"target\":[\"https:\/\/mv-rammersweier.de\/?page_id=31\"]}]},{\"@type\":\"BreadcrumbList\",\"@id\":\"https:\/\/mv-rammersweier.de\/?page_id=31#breadcrumb\",\"itemListElement\":[{\"@type\":\"ListItem\",\"position\":1,\"name\":\"Startseite\",\"item\":\"https:\/\/mv-rammersweier.de\/\"},{\"@type\":\"ListItem\",\"position\":2,\"name\":\"Die Musik\"}]},{\"@type\":\"WebSite\",\"@id\":\"https:\/\/mv-rammersweier.de\/#website\",\"url\":\"https:\/\/mv-rammersweier.de\/\",\"name\":\"Musikverein Rammersweier e.V.\",\"description\":\"\",\"publisher\":{\"@id\":\"https:\/\/mv-rammersweier.de\/#organization\"},\"potentialAction\":[{\"@type\":\"SearchAction\",\"target\":{\"@type\":\"EntryPoint\",\"urlTemplate\":\"https:\/\/mv-rammersweier.de\/?s={search_term_string}\"},\"query-input\":\"required name=search_term_string\"}],\"inLanguage\":\"de\"},{\"@type\":\"Organization\",\"@id\":\"https:\/\/mv-rammersweier.de\/#organization\",\"name\":\"Musikverein Rammersweier e.V.\",\"url\":\"https:\/\/mv-rammersweier.de\/\",\"logo\":{\"@type\":\"ImageObject\",\"inLanguage\":\"de\",\"@id\":\"https:\/\/mv-rammersweier.de\/#\/schema\/logo\/image\/\",\"url\":\"https:\/\/mv-rammersweier.de\/wp-content\/uploads\/2023\/04\/Logo_pos_RGB-e1680610441244.jpg\",\"contentUrl\":\"https:\/\/mv-rammersweier.de\/wp-content\/uploads\/2023\/04\/Logo_pos_RGB-e1680610441244.jpg\",\"width\":594,\"height\":410,\"caption\":\"Musikverein Rammersweier e.V.\"},\"image\":{\"@id\":\"https:\/\/mv-rammersweier.de\/#\/schema\/logo\/image\/\"}}]}<\/script>\n<!-- \/ Yoast SEO plugin. -->","yoast_head_json":{"title":"Die Musik - Musikverein Rammersweier e.V.","robots":{"index":"index","follow":"follow","max-snippet":"max-snippet:-1","max-image-preview":"max-image-preview:large","max-video-preview":"max-video-preview:-1"},"canonical":"https:\/\/mv-rammersweier.de\/?page_id=31","og_locale":"de_DE","og_type":"article","og_title":"Die Musik - Musikverein Rammersweier e.V.","og_description":"Von der klassischen Blasmusik bis hin zu modernen Rock-und Pophymnen ist alles in unserer Notenmappe zu finden.Zum Jahresprogramm, das wir auf zahlreichen Konzerten\u00fcber das musikalische Jahr hinweg pr\u00e4sentieren, gesellen sichnoch die anspruchsvollen Musikst\u00fccke f\u00fcr unser Jahreskonzert,welches immer im Dezember stattfindet. Hier eine Auswahl unseres musikalischen Repertoires: PolkaAuf der Vogelwiese, B\u00f6hmischer Traum, Ein halbes Jahrhundert, So [&hellip;]","og_url":"https:\/\/mv-rammersweier.de\/?page_id=31","og_site_name":"Musikverein Rammersweier e.V.","article_modified_time":"2022-06-03T18:59:30+00:00","twitter_card":"summary_large_image","twitter_misc":{"Gesch\u00e4tzte Lesezeit":"1\u00a0Minute"},"schema":{"@context":"https:\/\/schema.org","@graph":[{"@type":"WebPage","@id":"https:\/\/mv-rammersweier.de\/?page_id=31","url":"https:\/\/mv-rammersweier.de\/?page_id=31","name":"Die Musik - Musikverein Rammersweier e.V.","isPartOf":{"@id":"https:\/\/mv-rammersweier.de\/#website"},"datePublished":"2022-03-10T19:24:50+00:00","dateModified":"2022-06-03T18:59:30+00:00","breadcrumb":{"@id":"https:\/\/mv-rammersweier.de\/?page_id=31#breadcrumb"},"inLanguage":"de","potentialAction":[{"@type":"ReadAction","target":["https:\/\/mv-rammersweier.de\/?page_id=31"]}]},{"@type":"BreadcrumbList","@id":"https:\/\/mv-rammersweier.de\/?page_id=31#breadcrumb","itemListElement":[{"@type":"ListItem","position":1,"name":"Startseite","item":"https:\/\/mv-rammersweier.de\/"},{"@type":"ListItem","position":2,"name":"Die Musik"}]},{"@type":"WebSite","@id":"https:\/\/mv-rammersweier.de\/#website","url":"https:\/\/mv-rammersweier.de\/","name":"Musikverein Rammersweier e.V.","description":"","publisher":{"@id":"https:\/\/mv-rammersweier.de\/#organization"},"potentialAction":[{"@type":"SearchAction","target":{"@type":"EntryPoint","urlTemplate":"https:\/\/mv-rammersweier.de\/?s={search_term_string}"},"query-input":"required name=search_term_string"}],"inLanguage":"de"},{"@type":"Organization","@id":"https:\/\/mv-rammersweier.de\/#organization","name":"Musikverein Rammersweier e.V.","url":"https:\/\/mv-rammersweier.de\/","logo":{"@type":"ImageObject","inLanguage":"de","@id":"https:\/\/mv-rammersweier.de\/#\/schema\/logo\/image\/","url":"https:\/\/mv-rammersweier.de\/wp-content\/uploads\/2023\/04\/Logo_pos_RGB-e1680610441244.jpg","contentUrl":"https:\/\/mv-rammersweier.de\/wp-content\/uploads\/2023\/04\/Logo_pos_RGB-e1680610441244.jpg","width":594,"height":410,"caption":"Musikverein Rammersweier e.V."},"image":{"@id":"https:\/\/mv-rammersweier.de\/#\/schema\/logo\/image\/"}}]}},"_links":{"self":[{"href":"https:\/\/mv-rammersweier.de\/index.php?rest_route=\/wp\/v2\/pages\/31"}],"collection":[{"href":"https:\/\/mv-rammersweier.de\/index.php?rest_route=\/wp\/v2\/pages"}],"about":[{"href":"https:\/\/mv-rammersweier.de\/index.php?rest_route=\/wp\/v2\/types\/page"}],"author":[{"embeddable":true,"href":"https:\/\/mv-rammersweier.de\/index.php?rest_route=\/wp\/v2\/users\/1"}],"replies":[{"embeddable":true,"href":"https:\/\/mv-rammersweier.de\/index.php?rest_route=%2Fwp%2Fv2%2Fcomments&post=31"}],"version-history":[{"count":9,"href":"https:\/\/mv-rammersweier.de\/index.php?rest_route=\/wp\/v2\/pages\/31\/revisions"}],"predecessor-version":[{"id":138,"href":"https:\/\/mv-rammersweier.de\/index.php?rest_route=\/wp\/v2\/pages\/31\/revisions\/138"}],"wp:attachment":[{"href":"https:\/\/mv-rammersweier.de\/index.php?rest_route=%2Fwp%2Fv2%2Fmedia&parent=31"}],"curies":[{"name":"wp","href":"https:\/\/api.w.org\/{rel}","templated":true}]}}