{"id":24,"date":"2022-03-10T20:24:50","date_gmt":"2022-03-10T19:24:50","guid":{"rendered":"http:\/\/mv-rammersweier.de\/wordpress\/?page_id=24"},"modified":"2025-03-05T07:34:00","modified_gmt":"2025-03-05T06:34:00","slug":"kontakte","status":"publish","type":"page","link":"https:\/\/mv-rammersweier.de\/?page_id=24","title":{"rendered":"Kontakt"},"content":{"rendered":"\n<p>Wenn Sie uns zu einem Konzert bei Ihrer Veranstaltung einladen m\u00f6chten<br>oder weitere Fragen haben, wenden Sie sich direkt an uns.&nbsp;&nbsp;<\/p>\n\n\n\n<p><br><strong>Kontakt<\/strong><br>Musikverein Rammersweier e.V.<br>Jasmin Isenmann<br>Waldstrasse 2<br>77654 Offenburg<br>Mail:\u00a0<a href=\"mailto:info@mv-rammersweier.de\">info@mv-rammersweier.de<\/a><\/p>\n\n\n\n<p><\/p>\n\n\n\n<p><\/p>\n\n\n\n<p><br><strong>Haftungsausschluss<\/strong><br><br>Der Musikverein Rammersweier (MVR) distanziert sich ausdr\u00fccklich vom Inhalt verlinkter Webseiten.<br>Inhalte der auf www.mv-rammersweier.de verlinkten Internetseiten m\u00fcssen nicht unbedingt der Meinung<br>und Ansichten des Webmasters und der Vereinsmitglieder entsprechen.<br>Der Webmaster und der MVR \u00fcbernehmen keine Haftung f\u00fcr die Aktualit\u00e4t dieser Seite sowie den Inhalt verlinkter Webseiten!<br><\/p>\n","protected":false},"excerpt":{"rendered":"<p>Wenn Sie uns zu einem Konzert bei Ihrer Veranstaltung einladen m\u00f6chtenoder weitere Fragen haben, wenden Sie sich direkt an uns.&nbsp;&nbsp; KontaktMusikverein Rammersweier e.V.Jasmin IsenmannWaldstrasse 277654 OffenburgMail:\u00a0info@mv-rammersweier.de Haftungsausschluss Der Musikverein Rammersweier (MVR) distanziert sich ausdr\u00fccklich vom Inhalt verlinkter Webseiten.Inhalte der auf www.mv-rammersweier.de verlinkten Internetseiten m\u00fcssen nicht unbedingt der Meinungund Ansichten des Webmasters und der Vereinsmitglieder entsprechen.Der [&hellip;]<\/p>\n","protected":false},"author":1,"featured_media":0,"parent":0,"menu_order":0,"comment_status":"closed","ping_status":"closed","template":"","meta":[],"yoast_head":"<!-- This site is optimized with the Yoast SEO plugin v20.12 - https:\/\/yoast.com\/wordpress\/plugins\/seo\/ -->\n<title>Kontakt - Musikverein Rammersweier e.V.<\/title>\n<meta name=\"robots\" content=\"index, follow, max-snippet:-1, max-image-preview:large, max-video-preview:-1\" \/>\n<link rel=\"canonical\" href=\"https:\/\/mv-rammersweier.de\/?page_id=24\" \/>\n<meta property=\"og:locale\" content=\"de_DE\" \/>\n<meta property=\"og:type\" content=\"article\" \/>\n<meta property=\"og:title\" content=\"Kontakt - Musikverein Rammersweier e.V.\" \/>\n<meta property=\"og:description\" content=\"Wenn Sie uns zu einem Konzert bei Ihrer Veranstaltung einladen m\u00f6chtenoder weitere Fragen haben, wenden Sie sich direkt an uns.&nbsp;&nbsp; KontaktMusikverein Rammersweier e.V.Jasmin IsenmannWaldstrasse 277654 OffenburgMail:\u00a0info@mv-rammersweier.de Haftungsausschluss Der Musikverein Rammersweier (MVR) distanziert sich ausdr\u00fccklich vom Inhalt verlinkter Webseiten.Inhalte der auf www.mv-rammersweier.de verlinkten Internetseiten m\u00fcssen nicht unbedingt der Meinungund Ansichten des Webmasters und der Vereinsmitglieder entsprechen.Der [&hellip;]\" \/>\n<meta property=\"og:url\" content=\"https:\/\/mv-rammersweier.de\/?page_id=24\" \/>\n<meta property=\"og:site_name\" content=\"Musikverein Rammersweier e.V.\" \/>\n<meta property=\"article:modified_time\" content=\"2025-03-05T06:34:00+00:00\" \/>\n<meta name=\"twitter:card\" content=\"summary_large_image\" \/>\n<meta name=\"twitter:label1\" content=\"Gesch\u00e4tzte Lesezeit\" \/>\n\t<meta name=\"twitter:data1\" content=\"1\u00a0Minute\" \/>\n<script type=\"application\/ld+json\" class=\"yoast-schema-graph\">{\"@context\":\"https:\/\/schema.org\",\"@graph\":[{\"@type\":\"WebPage\",\"@id\":\"https:\/\/mv-rammersweier.de\/?page_id=24\",\"url\":\"https:\/\/mv-rammersweier.de\/?page_id=24\",\"name\":\"Kontakt - Musikverein Rammersweier e.V.\",\"isPartOf\":{\"@id\":\"https:\/\/mv-rammersweier.de\/#website\"},\"datePublished\":\"2022-03-10T19:24:50+00:00\",\"dateModified\":\"2025-03-05T06:34:00+00:00\",\"breadcrumb\":{\"@id\":\"https:\/\/mv-rammersweier.de\/?page_id=24#breadcrumb\"},\"inLanguage\":\"de\",\"potentialAction\":[{\"@type\":\"ReadAction\",\"target\":[\"https:\/\/mv-rammersweier.de\/?page_id=24\"]}]},{\"@type\":\"BreadcrumbList\",\"@id\":\"https:\/\/mv-rammersweier.de\/?page_id=24#breadcrumb\",\"itemListElement\":[{\"@type\":\"ListItem\",\"position\":1,\"name\":\"Startseite\",\"item\":\"https:\/\/mv-rammersweier.de\/\"},{\"@type\":\"ListItem\",\"position\":2,\"name\":\"Kontakt\"}]},{\"@type\":\"WebSite\",\"@id\":\"https:\/\/mv-rammersweier.de\/#website\",\"url\":\"https:\/\/mv-rammersweier.de\/\",\"name\":\"Musikverein Rammersweier e.V.\",\"description\":\"\",\"publisher\":{\"@id\":\"https:\/\/mv-rammersweier.de\/#organization\"},\"potentialAction\":[{\"@type\":\"SearchAction\",\"target\":{\"@type\":\"EntryPoint\",\"urlTemplate\":\"https:\/\/mv-rammersweier.de\/?s={search_term_string}\"},\"query-input\":\"required name=search_term_string\"}],\"inLanguage\":\"de\"},{\"@type\":\"Organization\",\"@id\":\"https:\/\/mv-rammersweier.de\/#organization\",\"name\":\"Musikverein Rammersweier e.V.\",\"url\":\"https:\/\/mv-rammersweier.de\/\",\"logo\":{\"@type\":\"ImageObject\",\"inLanguage\":\"de\",\"@id\":\"https:\/\/mv-rammersweier.de\/#\/schema\/logo\/image\/\",\"url\":\"https:\/\/mv-rammersweier.de\/wp-content\/uploads\/2023\/04\/Logo_pos_RGB-e1680610441244.jpg\",\"contentUrl\":\"https:\/\/mv-rammersweier.de\/wp-content\/uploads\/2023\/04\/Logo_pos_RGB-e1680610441244.jpg\",\"width\":594,\"height\":410,\"caption\":\"Musikverein Rammersweier e.V.\"},\"image\":{\"@id\":\"https:\/\/mv-rammersweier.de\/#\/schema\/logo\/image\/\"}}]}<\/script>\n<!-- \/ Yoast SEO plugin. -->","yoast_head_json":{"title":"Kontakt - Musikverein Rammersweier e.V.","robots":{"index":"index","follow":"follow","max-snippet":"max-snippet:-1","max-image-preview":"max-image-preview:large","max-video-preview":"max-video-preview:-1"},"canonical":"https:\/\/mv-rammersweier.de\/?page_id=24","og_locale":"de_DE","og_type":"article","og_title":"Kontakt - Musikverein Rammersweier e.V.","og_description":"Wenn Sie uns zu einem Konzert bei Ihrer Veranstaltung einladen m\u00f6chtenoder weitere Fragen haben, wenden Sie sich direkt an uns.&nbsp;&nbsp; KontaktMusikverein Rammersweier e.V.Jasmin IsenmannWaldstrasse 277654 OffenburgMail:\u00a0info@mv-rammersweier.de Haftungsausschluss Der Musikverein Rammersweier (MVR) distanziert sich ausdr\u00fccklich vom Inhalt verlinkter Webseiten.Inhalte der auf www.mv-rammersweier.de verlinkten Internetseiten m\u00fcssen nicht unbedingt der Meinungund Ansichten des Webmasters und der Vereinsmitglieder entsprechen.Der [&hellip;]","og_url":"https:\/\/mv-rammersweier.de\/?page_id=24","og_site_name":"Musikverein Rammersweier e.V.","article_modified_time":"2025-03-05T06:34:00+00:00","twitter_card":"summary_large_image","twitter_misc":{"Gesch\u00e4tzte Lesezeit":"1\u00a0Minute"},"schema":{"@context":"https:\/\/schema.org","@graph":[{"@type":"WebPage","@id":"https:\/\/mv-rammersweier.de\/?page_id=24","url":"https:\/\/mv-rammersweier.de\/?page_id=24","name":"Kontakt - Musikverein Rammersweier e.V.","isPartOf":{"@id":"https:\/\/mv-rammersweier.de\/#website"},"datePublished":"2022-03-10T19:24:50+00:00","dateModified":"2025-03-05T06:34:00+00:00","breadcrumb":{"@id":"https:\/\/mv-rammersweier.de\/?page_id=24#breadcrumb"},"inLanguage":"de","potentialAction":[{"@type":"ReadAction","target":["https:\/\/mv-rammersweier.de\/?page_id=24"]}]},{"@type":"BreadcrumbList","@id":"https:\/\/mv-rammersweier.de\/?page_id=24#breadcrumb","itemListElement":[{"@type":"ListItem","position":1,"name":"Startseite","item":"https:\/\/mv-rammersweier.de\/"},{"@type":"ListItem","position":2,"name":"Kontakt"}]},{"@type":"WebSite","@id":"https:\/\/mv-rammersweier.de\/#website","url":"https:\/\/mv-rammersweier.de\/","name":"Musikverein Rammersweier e.V.","description":"","publisher":{"@id":"https:\/\/mv-rammersweier.de\/#organization"},"potentialAction":[{"@type":"SearchAction","target":{"@type":"EntryPoint","urlTemplate":"https:\/\/mv-rammersweier.de\/?s={search_term_string}"},"query-input":"required name=search_term_string"}],"inLanguage":"de"},{"@type":"Organization","@id":"https:\/\/mv-rammersweier.de\/#organization","name":"Musikverein Rammersweier e.V.","url":"https:\/\/mv-rammersweier.de\/","logo":{"@type":"ImageObject","inLanguage":"de","@id":"https:\/\/mv-rammersweier.de\/#\/schema\/logo\/image\/","url":"https:\/\/mv-rammersweier.de\/wp-content\/uploads\/2023\/04\/Logo_pos_RGB-e1680610441244.jpg","contentUrl":"https:\/\/mv-rammersweier.de\/wp-content\/uploads\/2023\/04\/Logo_pos_RGB-e1680610441244.jpg","width":594,"height":410,"caption":"Musikverein Rammersweier e.V."},"image":{"@id":"https:\/\/mv-rammersweier.de\/#\/schema\/logo\/image\/"}}]}},"_links":{"self":[{"href":"https:\/\/mv-rammersweier.de\/index.php?rest_route=\/wp\/v2\/pages\/24"}],"collection":[{"href":"https:\/\/mv-rammersweier.de\/index.php?rest_route=\/wp\/v2\/pages"}],"about":[{"href":"https:\/\/mv-rammersweier.de\/index.php?rest_route=\/wp\/v2\/types\/page"}],"author":[{"embeddable":true,"href":"https:\/\/mv-rammersweier.de\/index.php?rest_route=\/wp\/v2\/users\/1"}],"replies":[{"embeddable":true,"href":"https:\/\/mv-rammersweier.de\/index.php?rest_route=%2Fwp%2Fv2%2Fcomments&post=24"}],"version-history":[{"count":6,"href":"https:\/\/mv-rammersweier.de\/index.php?rest_route=\/wp\/v2\/pages\/24\/revisions"}],"predecessor-version":[{"id":533,"href":"https:\/\/mv-rammersweier.de\/index.php?rest_route=\/wp\/v2\/pages\/24\/revisions\/533"}],"wp:attachment":[{"href":"https:\/\/mv-rammersweier.de\/index.php?rest_route=%2Fwp%2Fv2%2Fmedia&parent=24"}],"curies":[{"name":"wp","href":"https:\/\/api.w.org\/{rel}","templated":true}]}}