{"id":23,"date":"2022-03-10T20:24:50","date_gmt":"2022-03-10T19:24:50","guid":{"rendered":"http:\/\/mv-rammersweier.de\/wordpress\/?page_id=23"},"modified":"2025-05-31T11:34:55","modified_gmt":"2025-05-31T09:34:55","slug":"termine","status":"publish","type":"page","link":"https:\/\/mv-rammersweier.de\/?page_id=23","title":{"rendered":"Termine"},"content":{"rendered":"\n<p><br><strong>03. Januar 2025<br><\/strong>Musikalische Umrahmung Neujahrsempfang Rammersweier<\/p>\n\n\n\n<p><br><strong>25. Januar 2025<br><\/strong>Musikalische Umrahmung Narrenbaumstellen der NZ Wolfonia<\/p>\n\n\n\n<p><br><strong>15.\/16. Februar 2025<br><\/strong>42. Reblandtreffen in Rammersweier<\/p>\n\n\n\n<p><br><strong>02. M\u00e4rz 2025<br><\/strong>Unterhaltungskonzert beim WoZi-Lager der NZ Wolfonia<\/p>\n\n\n\n<p><br><strong>04. M\u00e4rz 2025<br><\/strong>Gizigrufen mit Fasnachtsbeerdigung<br>14 Uhr altes Feuerwehrhaus Rammersweier<\/p>\n\n\n\n<p><br><strong>28. M\u00e4rz 2025<br><\/strong>Jahreshauptversammlung<\/p>\n\n\n\n<p><br><strong>16. Mai 2025<br><\/strong>Feierabendhock an der Winzergenossenschaft Rammersweier<\/p>\n\n\n\n<p><br><strong>29. Mai 2025<br><\/strong>Unterhaltungskonzert beim Maifest in M\u00fchlenbach<\/p>\n\n\n\n<p><br><strong>27.\/28. Juni 2025<\/strong><br>Wein Open-Air an der Festhalle Rammersweier<br>27. Juni: After-Work Party<br>28. Juni: Weinfest<\/p>\n\n\n\n<p> <br><strong>13. Juli 2025<\/strong><br>Unterhaltungskonzert bei der Vino Musica Durbach<\/p>\n\n\n\n<p> <br><strong>27. Juli 2025<\/strong><br>Unterhaltungskonzert beim Musikfest Ottenheim<\/p>\n\n\n\n<p> <br><strong>27. September 2025<\/strong><br>Unterhaltungskonzert auf dem Ortenauer Weinfest<\/p>\n\n\n\n<p> <br><strong>20. Dezemeber 2025<\/strong><br>Jahreskonzert<\/p>\n","protected":false},"excerpt":{"rendered":"<p>03. Januar 2025Musikalische Umrahmung Neujahrsempfang Rammersweier 25. Januar 2025Musikalische Umrahmung Narrenbaumstellen der NZ Wolfonia 15.\/16. Februar 202542. Reblandtreffen in Rammersweier 02. M\u00e4rz 2025Unterhaltungskonzert beim WoZi-Lager der NZ Wolfonia 04. M\u00e4rz 2025Gizigrufen mit Fasnachtsbeerdigung14 Uhr altes Feuerwehrhaus Rammersweier 28. M\u00e4rz 2025Jahreshauptversammlung 16. Mai 2025Feierabendhock an der Winzergenossenschaft Rammersweier 29. Mai 2025Unterhaltungskonzert beim Maifest in M\u00fchlenbach 27.\/28. [&hellip;]<\/p>\n","protected":false},"author":1,"featured_media":0,"parent":0,"menu_order":0,"comment_status":"closed","ping_status":"closed","template":"","meta":[],"yoast_head":"<!-- This site is optimized with the Yoast SEO plugin v20.12 - https:\/\/yoast.com\/wordpress\/plugins\/seo\/ -->\n<title>Termine - Musikverein Rammersweier e.V.<\/title>\n<meta name=\"robots\" content=\"index, follow, max-snippet:-1, max-image-preview:large, max-video-preview:-1\" \/>\n<link rel=\"canonical\" href=\"https:\/\/mv-rammersweier.de\/?page_id=23\" \/>\n<meta property=\"og:locale\" content=\"de_DE\" \/>\n<meta property=\"og:type\" content=\"article\" \/>\n<meta property=\"og:title\" content=\"Termine - Musikverein Rammersweier e.V.\" \/>\n<meta property=\"og:description\" content=\"03. Januar 2025Musikalische Umrahmung Neujahrsempfang Rammersweier 25. Januar 2025Musikalische Umrahmung Narrenbaumstellen der NZ Wolfonia 15.\/16. Februar 202542. Reblandtreffen in Rammersweier 02. M\u00e4rz 2025Unterhaltungskonzert beim WoZi-Lager der NZ Wolfonia 04. M\u00e4rz 2025Gizigrufen mit Fasnachtsbeerdigung14 Uhr altes Feuerwehrhaus Rammersweier 28. M\u00e4rz 2025Jahreshauptversammlung 16. Mai 2025Feierabendhock an der Winzergenossenschaft Rammersweier 29. Mai 2025Unterhaltungskonzert beim Maifest in M\u00fchlenbach 27.\/28. [&hellip;]\" \/>\n<meta property=\"og:url\" content=\"https:\/\/mv-rammersweier.de\/?page_id=23\" \/>\n<meta property=\"og:site_name\" content=\"Musikverein Rammersweier e.V.\" \/>\n<meta property=\"article:modified_time\" content=\"2025-05-31T09:34:55+00:00\" \/>\n<meta name=\"twitter:card\" content=\"summary_large_image\" \/>\n<meta name=\"twitter:label1\" content=\"Gesch\u00e4tzte Lesezeit\" \/>\n\t<meta name=\"twitter:data1\" content=\"1\u00a0Minute\" \/>\n<script type=\"application\/ld+json\" class=\"yoast-schema-graph\">{\"@context\":\"https:\/\/schema.org\",\"@graph\":[{\"@type\":\"WebPage\",\"@id\":\"https:\/\/mv-rammersweier.de\/?page_id=23\",\"url\":\"https:\/\/mv-rammersweier.de\/?page_id=23\",\"name\":\"Termine - Musikverein Rammersweier e.V.\",\"isPartOf\":{\"@id\":\"https:\/\/mv-rammersweier.de\/#website\"},\"datePublished\":\"2022-03-10T19:24:50+00:00\",\"dateModified\":\"2025-05-31T09:34:55+00:00\",\"breadcrumb\":{\"@id\":\"https:\/\/mv-rammersweier.de\/?page_id=23#breadcrumb\"},\"inLanguage\":\"de\",\"potentialAction\":[{\"@type\":\"ReadAction\",\"target\":[\"https:\/\/mv-rammersweier.de\/?page_id=23\"]}]},{\"@type\":\"BreadcrumbList\",\"@id\":\"https:\/\/mv-rammersweier.de\/?page_id=23#breadcrumb\",\"itemListElement\":[{\"@type\":\"ListItem\",\"position\":1,\"name\":\"Startseite\",\"item\":\"https:\/\/mv-rammersweier.de\/\"},{\"@type\":\"ListItem\",\"position\":2,\"name\":\"Termine\"}]},{\"@type\":\"WebSite\",\"@id\":\"https:\/\/mv-rammersweier.de\/#website\",\"url\":\"https:\/\/mv-rammersweier.de\/\",\"name\":\"Musikverein Rammersweier e.V.\",\"description\":\"\",\"publisher\":{\"@id\":\"https:\/\/mv-rammersweier.de\/#organization\"},\"potentialAction\":[{\"@type\":\"SearchAction\",\"target\":{\"@type\":\"EntryPoint\",\"urlTemplate\":\"https:\/\/mv-rammersweier.de\/?s={search_term_string}\"},\"query-input\":\"required name=search_term_string\"}],\"inLanguage\":\"de\"},{\"@type\":\"Organization\",\"@id\":\"https:\/\/mv-rammersweier.de\/#organization\",\"name\":\"Musikverein Rammersweier e.V.\",\"url\":\"https:\/\/mv-rammersweier.de\/\",\"logo\":{\"@type\":\"ImageObject\",\"inLanguage\":\"de\",\"@id\":\"https:\/\/mv-rammersweier.de\/#\/schema\/logo\/image\/\",\"url\":\"https:\/\/mv-rammersweier.de\/wp-content\/uploads\/2023\/04\/Logo_pos_RGB-e1680610441244.jpg\",\"contentUrl\":\"https:\/\/mv-rammersweier.de\/wp-content\/uploads\/2023\/04\/Logo_pos_RGB-e1680610441244.jpg\",\"width\":594,\"height\":410,\"caption\":\"Musikverein Rammersweier e.V.\"},\"image\":{\"@id\":\"https:\/\/mv-rammersweier.de\/#\/schema\/logo\/image\/\"}}]}<\/script>\n<!-- \/ Yoast SEO plugin. -->","yoast_head_json":{"title":"Termine - Musikverein Rammersweier e.V.","robots":{"index":"index","follow":"follow","max-snippet":"max-snippet:-1","max-image-preview":"max-image-preview:large","max-video-preview":"max-video-preview:-1"},"canonical":"https:\/\/mv-rammersweier.de\/?page_id=23","og_locale":"de_DE","og_type":"article","og_title":"Termine - Musikverein Rammersweier e.V.","og_description":"03. Januar 2025Musikalische Umrahmung Neujahrsempfang Rammersweier 25. Januar 2025Musikalische Umrahmung Narrenbaumstellen der NZ Wolfonia 15.\/16. Februar 202542. Reblandtreffen in Rammersweier 02. M\u00e4rz 2025Unterhaltungskonzert beim WoZi-Lager der NZ Wolfonia 04. M\u00e4rz 2025Gizigrufen mit Fasnachtsbeerdigung14 Uhr altes Feuerwehrhaus Rammersweier 28. M\u00e4rz 2025Jahreshauptversammlung 16. Mai 2025Feierabendhock an der Winzergenossenschaft Rammersweier 29. Mai 2025Unterhaltungskonzert beim Maifest in M\u00fchlenbach 27.\/28. [&hellip;]","og_url":"https:\/\/mv-rammersweier.de\/?page_id=23","og_site_name":"Musikverein Rammersweier e.V.","article_modified_time":"2025-05-31T09:34:55+00:00","twitter_card":"summary_large_image","twitter_misc":{"Gesch\u00e4tzte Lesezeit":"1\u00a0Minute"},"schema":{"@context":"https:\/\/schema.org","@graph":[{"@type":"WebPage","@id":"https:\/\/mv-rammersweier.de\/?page_id=23","url":"https:\/\/mv-rammersweier.de\/?page_id=23","name":"Termine - Musikverein Rammersweier e.V.","isPartOf":{"@id":"https:\/\/mv-rammersweier.de\/#website"},"datePublished":"2022-03-10T19:24:50+00:00","dateModified":"2025-05-31T09:34:55+00:00","breadcrumb":{"@id":"https:\/\/mv-rammersweier.de\/?page_id=23#breadcrumb"},"inLanguage":"de","potentialAction":[{"@type":"ReadAction","target":["https:\/\/mv-rammersweier.de\/?page_id=23"]}]},{"@type":"BreadcrumbList","@id":"https:\/\/mv-rammersweier.de\/?page_id=23#breadcrumb","itemListElement":[{"@type":"ListItem","position":1,"name":"Startseite","item":"https:\/\/mv-rammersweier.de\/"},{"@type":"ListItem","position":2,"name":"Termine"}]},{"@type":"WebSite","@id":"https:\/\/mv-rammersweier.de\/#website","url":"https:\/\/mv-rammersweier.de\/","name":"Musikverein Rammersweier e.V.","description":"","publisher":{"@id":"https:\/\/mv-rammersweier.de\/#organization"},"potentialAction":[{"@type":"SearchAction","target":{"@type":"EntryPoint","urlTemplate":"https:\/\/mv-rammersweier.de\/?s={search_term_string}"},"query-input":"required name=search_term_string"}],"inLanguage":"de"},{"@type":"Organization","@id":"https:\/\/mv-rammersweier.de\/#organization","name":"Musikverein Rammersweier e.V.","url":"https:\/\/mv-rammersweier.de\/","logo":{"@type":"ImageObject","inLanguage":"de","@id":"https:\/\/mv-rammersweier.de\/#\/schema\/logo\/image\/","url":"https:\/\/mv-rammersweier.de\/wp-content\/uploads\/2023\/04\/Logo_pos_RGB-e1680610441244.jpg","contentUrl":"https:\/\/mv-rammersweier.de\/wp-content\/uploads\/2023\/04\/Logo_pos_RGB-e1680610441244.jpg","width":594,"height":410,"caption":"Musikverein Rammersweier e.V."},"image":{"@id":"https:\/\/mv-rammersweier.de\/#\/schema\/logo\/image\/"}}]}},"_links":{"self":[{"href":"https:\/\/mv-rammersweier.de\/index.php?rest_route=\/wp\/v2\/pages\/23"}],"collection":[{"href":"https:\/\/mv-rammersweier.de\/index.php?rest_route=\/wp\/v2\/pages"}],"about":[{"href":"https:\/\/mv-rammersweier.de\/index.php?rest_route=\/wp\/v2\/types\/page"}],"author":[{"embeddable":true,"href":"https:\/\/mv-rammersweier.de\/index.php?rest_route=\/wp\/v2\/users\/1"}],"replies":[{"embeddable":true,"href":"https:\/\/mv-rammersweier.de\/index.php?rest_route=%2Fwp%2Fv2%2Fcomments&post=23"}],"version-history":[{"count":29,"href":"https:\/\/mv-rammersweier.de\/index.php?rest_route=\/wp\/v2\/pages\/23\/revisions"}],"predecessor-version":[{"id":552,"href":"https:\/\/mv-rammersweier.de\/index.php?rest_route=\/wp\/v2\/pages\/23\/revisions\/552"}],"wp:attachment":[{"href":"https:\/\/mv-rammersweier.de\/index.php?rest_route=%2Fwp%2Fv2%2Fmedia&parent=23"}],"curies":[{"name":"wp","href":"https:\/\/api.w.org\/{rel}","templated":true}]}}